{"id":2,"date":"2015-11-19T10:14:53","date_gmt":"2015-11-19T10:14:53","guid":{"rendered":"http:\/\/localhost:8888\/rubic\/?page_id=2"},"modified":"2025-09-24T14:59:43","modified_gmt":"2025-09-24T14:59:43","slug":"infos","status":"publish","type":"page","link":"https:\/\/studio-rubic.ch\/en\/infos\/","title":{"rendered":"Infos"},"content":{"rendered":"\n<div class=\"wp-block-columns is-layout-flex wp-container-core-columns-is-layout-9d6595d7 wp-block-columns-is-layout-flex\">\n<div class=\"wp-block-column is-layout-flow wp-block-column-is-layout-flow\">\n<div class=\"wp-block-group\"><div class=\"wp-block-group__inner-container is-layout-constrained wp-block-group-is-layout-constrained\">\n<p class=\"has-large-font-size\">Studio Rubic is a graphic design studio that develops \u00e6sthetic and visual solutions that are functional and contemporary, through a rigorous creative approach.<\/p>\n<\/div><\/div>\n\n\n\n<figure class=\"wp-block-image size-full\"><img loading=\"lazy\" decoding=\"async\" width=\"2560\" height=\"1802\" src=\"https:\/\/studio-rubic.ch\/wp-content\/uploads\/studio-scaled.jpg\" alt=\"\" class=\"wp-image-4307\" srcset=\"https:\/\/studio-rubic.ch\/wp-content\/uploads\/studio-scaled.jpg 2560w, https:\/\/studio-rubic.ch\/wp-content\/uploads\/studio-150x106.jpg 150w, https:\/\/studio-rubic.ch\/wp-content\/uploads\/studio-768x541.jpg 768w, https:\/\/studio-rubic.ch\/wp-content\/uploads\/studio-1536x1081.jpg 1536w, https:\/\/studio-rubic.ch\/wp-content\/uploads\/studio-2048x1442.jpg 2048w\" sizes=\"auto, (max-width: 2560px) 100vw, 2560px\" \/><\/figure>\n\n\n\n<div class=\"wp-block-group\"><div class=\"wp-block-group__inner-container is-layout-constrained wp-block-group-is-layout-constrained\">\n<h2 class=\"wp-block-heading has-small-font-size\"><strong>History<\/strong><\/h2>\n\n\n\n<p class=\"has-medium-font-size\">The studio focuses on editorial design (books and magazines) and all types of printed matter (brochures, programs, posters, logotypes), including complete or partial visual identities, signage and virtual content (websites), for cultural institutions as well as large and small business sectors.<\/p>\n\n\n\n<p class=\"has-medium-font-size\">Depending on the scope or scale of a project, a network of trusted professional partners is suggested, whether for photographic shoots, web development or printing\u2026).<\/p>\n<\/div><\/div>\n<\/div>\n\n\n\n<div class=\"wp-block-column is-layout-flow wp-block-column-is-layout-flow\" style=\"flex-basis:33.33%\">\n<div class=\"wp-block-group\"><div class=\"wp-block-group__inner-container is-layout-constrained wp-block-group-is-layout-constrained\">\n<h2 class=\"wp-block-heading has-small-font-size\"><strong>Contact<\/strong><\/h2>\n\n\n\n<p class=\"has-medium-font-size\">Nicolas Jean-Mairet<br>Rue du Pr\u00e9-de-la-Fontaine 8 <br>CH-1242 Satigny &nbsp;&nbsp;\u2192&nbsp;&nbsp;&nbsp;<a href=\"https:\/\/www.google.com\/maps\/place\/Rue+du+Pr\u00e9-de-la-Fontaine+8,+1242+Meyrin\/@46.2248459,6.0513154,17z\/data=!3m1!4b1!4m6!3m5!1s0x478c62e1bc5d112f:0xc13e55d6990513a1!8m2!3d46.2248459!4d6.0538903!16s%2Fg%2F11dzn6cblq?entry=ttu\" target=\"_blank\" rel=\"noreferrer noopener\">\ue022<\/a><br><br><a href=\"mailto:nicolas@studio-rubic.ch?subject=I would like to ask you if\u2026\">nicolas@studio-rubic.ch<\/a><br>+41 076 374 07 35<\/p>\n<\/div><\/div>\n\n\n\n<div class=\"wp-block-group\"><div class=\"wp-block-group__inner-container is-layout-constrained wp-block-group-is-layout-constrained\">\n<h2 class=\"wp-block-heading has-small-font-size\"><strong>Fields of activity<\/strong><\/h2>\n\n\n\n<ul class=\"wp-block-list has-medium-font-size\">\n<li class=\"has-medium-font-size\"> Art Editions, magazine<\/li>\n\n\n\n<li class=\"has-medium-font-size\"> Visual identities<\/li>\n\n\n\n<li class=\"has-medium-font-size\"> Posters, logotypes<\/li>\n\n\n\n<li class=\"has-medium-font-size\"> City works, packaging<\/li>\n\n\n\n<li class=\"has-medium-font-size\"> Corporate brochures<\/li>\n\n\n\n<li class=\"has-medium-font-size\">Signage, event, stands<\/li>\n\n\n\n<li class=\"has-medium-font-size\"> Websites<\/li>\n\n\n\n<li class=\"has-medium-font-size\"> Type design<\/li>\n<\/ul>\n<\/div><\/div>\n\n\n\n<div class=\"wp-block-group\"><div class=\"wp-block-group__inner-container is-layout-constrained wp-block-group-is-layout-constrained\">\n<h2 class=\"wp-block-heading has-small-font-size\"><strong>Past &amp; present collaborations<\/strong><\/h2>\n\n\n\n<p class=\"has-small-font-size\"><strong>\u27f6 Geneva<\/strong><br>A-Architectes S\u00e0rl<br>D\u00e9partement du territoire (DT)<br>Editions Metropolis<br>Editions Notari<br>Dylan Perrenoud (photographer)<br>FCAC (Fonds Cantonal d\u2019art Contemporain Gen\u00e8ve) <br>FIBA (International Basketball Federation) <br>HES-SO Gen\u00e8ve<br>imad \u2013 Aide et soins \u00e0 domicile<br>MCI Group (Geneva)<br>M\u0113tisPresses<br>IOM (International Organization for Migration)<br>Piano Nobile<br>Latitude Durable<br>Burrus Nussbaumer Architectes<br>Th\u00e9\u00e2tre Les Salons<br>Ville de Gen\u00e8ve<br>Yan Duyvendak \/ Cie Dreams Come True<\/p>\n\n\n\n<p class=\"has-small-font-size\"><strong>\u27f6 Vaud<\/strong><br>Biblioth\u00e8que de Blonay\u2013Saint-L\u00e9gier Biblioth\u00e8que de Bussigny<br>CEP \u2013 Lausanne<br>CEPV \u2013 Vevey<br>Editions Art&amp;Fiction<br>Eric Dessous-l\u2019Eglise (artist) <br>Fabienne Freymond Cantone <br>Fondation Le Manoir<br>IKEA Centres Switzerland <br>Manuel M\u00fcller (artist) <br>Photo Elys\u00e9e<br>Ville de Nyon (Service de la culture)<\/p>\n\n\n\n<p class=\"has-small-font-size\"><strong>\u27f6 Fribourg<\/strong><br>Frank-Olivier Cottier (architecte) <br>Jean-Luc Cramatte (artist) <br>Librairie de cap et de mots<\/p>\n\n\n\n<p class=\"has-small-font-size\"><strong>\u27f6 Neuch\u00e2tel<\/strong><br>Swatch<\/p>\n\n\n\n<p class=\"has-small-font-size\"><strong>\u27f6 Zurich<\/strong><br>Diego Brambilla (artist) <br>Editions Patrick Frey<br>Marta Riniker Radich (artist)<\/p>\n\n\n\n<p class=\"has-small-font-size\"><strong>\u27f6 Monaco<\/strong><br>UIPM (Union Internationale de Pentathlon Moderne)<\/p>\n\n\n\n<p class=\"has-small-font-size\"><strong>\u27f6 London<\/strong><br>Thames &amp; Hudson (publisher)<\/p>\n\n\n\n<p class=\"has-small-font-size\"><strong>\u27f6 New York<\/strong><br>Aperture Foundation (publisher)<\/p>\n<\/div><\/div>\n<\/div>\n<\/div>\n\n\n\n<div class=\"wp-block-group\"><div class=\"wp-block-group__inner-container is-layout-constrained wp-block-group-is-layout-constrained\">\n<p><\/p>\n<\/div><\/div>\n\n\n<p><!-- \/wp:post-content --><\/p>","protected":false},"excerpt":{"rendered":"<p>Studio Rubic is a graphic design studio that develops \u00e6sthetic and visual solutions that are functional and contemporary, through a rigorous creative approach. History The studio focuses on editorial design (books and magazines) and all types of printed matter (brochures, programs, posters, logotypes), including complete or partial visual identities, signage and virtual content (websites), for [&hellip;]<\/p>\n","protected":false},"author":1,"featured_media":0,"parent":0,"menu_order":0,"comment_status":"closed","ping_status":"closed","template":"","meta":{"_fr_post_content":"<!-- wp:columns -->\n<div class=\"wp-block-columns\"><!-- wp:column {\"width\":\"\"} -->\n<div class=\"wp-block-column\"><!-- wp:group {\"layout\":{\"type\":\"constrained\"}} -->\n<div class=\"wp-block-group\"><!-- wp:paragraph {\"fontSize\":\"large\"} -->\n<p class=\"has-large-font-size\">Studio Rubic est un atelier de graphisme qui \u00e9labore des solutions esth\u00e9tiques et visuelles, fonctionnelles et contemporaines, par une approche cr\u00e9ative rigoureuse.<\/p>\n<!-- \/wp:paragraph --><\/div>\n<!-- \/wp:group -->\n\n<!-- wp:image {\"id\":4307,\"sizeSlug\":\"full\",\"linkDestination\":\"none\"} -->\n<figure class=\"wp-block-image size-full\"><img src=\"https:\/\/studio-rubic.ch\/wp-content\/uploads\/studio-scaled.jpg\" alt=\"\" class=\"wp-image-4307\"\/><\/figure>\n<!-- \/wp:image -->\n\n<!-- wp:group {\"layout\":{\"type\":\"constrained\"}} -->\n<div class=\"wp-block-group\"><!-- wp:heading {\"fontSize\":\"small\"} -->\n<h2 class=\"wp-block-heading has-small-font-size\"><strong>Historique<\/strong><\/h2>\n<!-- \/wp:heading -->\n\n<!-- wp:paragraph {\"fontSize\":\"medium\"} -->\n<p class=\"has-medium-font-size\">Le studio s\u2019oriente sur le design \u00e9ditorial (livres et magazines) et tous types d\u2019imprim\u00e9s (brochures, programmes, affiches, logotypes) dont \u00e9galement des identit\u00e9s visuelles, compl\u00e8tes ou partielles, de la signal\u00e9tique ou des contenus virtuels (sites internet), tant pour des institutions culturelles que de grands ou petits secteurs d\u2019activit\u00e9s.<\/p>\n<!-- \/wp:paragraph -->\n\n<!-- wp:paragraph {\"fontSize\":\"medium\"} -->\n<p class=\"has-medium-font-size\">Selon l'\u00e9tendue ou l'envergure d'un projet, un r\u00e9seau de professionnels partenaires et de confiance est sugg\u00e9r\u00e9, tant pour des prises de vue photographiques, le d\u00e9veloppement web ou l'impression,...).<\/p>\n<!-- \/wp:paragraph --><\/div>\n<!-- \/wp:group --><\/div>\n<!-- \/wp:column -->\n\n<!-- wp:column {\"width\":\"33.33%\"} -->\n<div class=\"wp-block-column\" style=\"flex-basis:33.33%\"><!-- wp:group {\"layout\":{\"type\":\"constrained\"}} -->\n<div class=\"wp-block-group\"><!-- wp:heading {\"fontSize\":\"small\"} -->\n<h2 class=\"wp-block-heading has-small-font-size\"><strong>Contact<\/strong><\/h2>\n<!-- \/wp:heading -->\n\n<!-- wp:paragraph {\"fontSize\":\"medium\"} -->\n<p class=\"has-medium-font-size\">Nicolas Jean-Mairet<br>Rue du Pr\u00e9-de-la-Fontaine 8 <br>CH-1242 Satigny &nbsp;&nbsp;\u2192&nbsp;&nbsp;&nbsp;<a href=\"https:\/\/www.google.com\/maps\/place\/Rue+du+Pr\u00e9-de-la-Fontaine+8,+1242+Meyrin\/@46.2248459,6.0513154,17z\/data=!3m1!4b1!4m6!3m5!1s0x478c62e1bc5d112f:0xc13e55d6990513a1!8m2!3d46.2248459!4d6.0538903!16s%2Fg%2F11dzn6cblq?entry=ttu\" target=\"_blank\" rel=\"noreferrer noopener\">\ue022<\/a><br><br><a href=\"mailto:nicolas@studio-rubic.ch?subject=J'aurais aim\u00e9 savoir si\u2026\">nicolas@studio-rubic.ch<\/a><br>+41 076 374 07 35<\/p>\n<!-- \/wp:paragraph --><\/div>\n<!-- \/wp:group -->\n\n<!-- wp:group {\"layout\":{\"type\":\"constrained\"}} -->\n<div class=\"wp-block-group\"><!-- wp:heading {\"fontSize\":\"small\"} -->\n<h2 class=\"wp-block-heading has-small-font-size\"><strong>Domaines d'activit\u00e9s<\/strong><\/h2>\n<!-- \/wp:heading -->\n\n<!-- wp:list {\"fontSize\":\"medium\"} -->\n<ul class=\"wp-block-list has-medium-font-size\"><!-- wp:list-item -->\n<li>Editions (d'art), magazine<\/li>\n<!-- \/wp:list-item -->\n\n<!-- wp:list-item -->\n<li>Identit\u00e9s visuelles<\/li>\n<!-- \/wp:list-item -->\n\n<!-- wp:list-item -->\n<li>Affiches, posters, logos<\/li>\n<!-- \/wp:list-item -->\n\n<!-- wp:list-item -->\n<li>Travaux de ville, packaging<\/li>\n<!-- \/wp:list-item -->\n\n<!-- wp:list-item -->\n<li>Brochures institutionnelles<\/li>\n<!-- \/wp:list-item -->\n\n<!-- wp:list-item -->\n<li>Signal\u00e9tique, stands,  \u00e9v\u00e9nementiel<\/li>\n<!-- \/wp:list-item -->\n\n<!-- wp:list-item -->\n<li>Sites internet<\/li>\n<!-- \/wp:list-item -->\n\n<!-- wp:list-item -->\n<li>Dessin de caract\u00e8res<\/li>\n<!-- \/wp:list-item --><\/ul>\n<!-- \/wp:list --><\/div>\n<!-- \/wp:group -->\n\n<!-- wp:group {\"layout\":{\"type\":\"constrained\"}} -->\n<div class=\"wp-block-group\"><!-- wp:heading {\"fontSize\":\"small\"} -->\n<h2 class=\"wp-block-heading has-small-font-size\"><strong>Collaborations pass\u00e9es ou actuelles<\/strong><\/h2>\n<!-- \/wp:heading -->\n\n<!-- wp:paragraph {\"fontSize\":\"small\"} -->\n<p class=\"has-small-font-size\"><strong>\u27f6 Gen\u00e8ve<\/strong><br>A-Architectes S\u00e0rl<br>D\u00e9partement du territoire (DT)<br>Editions Metropolis<br>Editions Notari<br>Dylan Perrenoud (photographe)<br>FCAC (Fonds Cantonal d\u2019art Contemporain Gen\u00e8ve) <br>FIBA (F\u00e9d\u00e9ration internationale de basket-ball) <br>HES-SO Gen\u00e8ve<br>imad \u2013 Aide et soins \u00e0 domicile<br>MCI Group (Geneva)<br>M\u0113tisPresses<br>IOM (International Organization for Migration)<br>Piano Nobile<br>Latitude Durable<br>Burrus Nussbaumer Architectes<br>Th\u00e9\u00e2tre Les Salons<br>Ville de Gen\u00e8ve<br>Yan Duyvendak \/ Cie Dreams Come True<\/p>\n<!-- \/wp:paragraph -->\n\n<!-- wp:paragraph {\"fontSize\":\"small\"} -->\n<p class=\"has-small-font-size\"><strong>\u27f6 Vaud<\/strong><br>Biblioth\u00e8que de Blonay\u2013Saint-L\u00e9gier<br>Biblioth\u00e8que de Bussigny<br>CEP \u2013 Lausanne<br>CEPV \u2013 Vevey<br>Editions Art&amp;Fiction<br>Eric Dessous-l\u2019Eglise (artiste) <br>Fabienne Freymond Cantone <br>Fondation Le Manoir<br>IKEA Centres Switzerland <br>Manuel M\u00fcller (artiste) <br>Photo Elys\u00e9e<br>Ville de Nyon (Service de la culture)<\/p>\n<!-- \/wp:paragraph -->\n\n<!-- wp:paragraph {\"fontSize\":\"small\"} -->\n<p class=\"has-small-font-size\"><strong>\u27f6 Fribourg<\/strong><br>Frank-Olivier Cottier (architecte)<br>Jean-Luc Cramatte (artiste) <br>Librairie de cap et de mots<\/p>\n<!-- \/wp:paragraph -->\n\n<!-- wp:paragraph {\"fontSize\":\"small\"} -->\n<p class=\"has-small-font-size\"><strong>\u27f6 Neuch\u00e2tel<\/strong><br>Swatch<\/p>\n<!-- \/wp:paragraph -->\n\n<!-- wp:paragraph {\"fontSize\":\"small\"} -->\n<p class=\"has-small-font-size\"><strong>\u27f6 Z\u00fcrich<\/strong><br>Diego Brambilla (artiste) <br>Editions Patrick Frey<br>Marta Riniker Radich (artiste)<\/p>\n<!-- \/wp:paragraph -->\n\n<!-- wp:paragraph {\"fontSize\":\"small\"} -->\n<p class=\"has-small-font-size\"><strong>\u27f6 Monaco<\/strong><br>UIPM (Union Internationale de Pentathlon Moderne)<\/p>\n<!-- \/wp:paragraph -->\n\n<!-- wp:paragraph {\"fontSize\":\"small\"} -->\n<p class=\"has-small-font-size\"><strong>\u27f6 Londres<\/strong><br>Thames &amp; Hudson (\u00e9diteur)<\/p>\n<!-- \/wp:paragraph -->\n\n<!-- wp:paragraph {\"fontSize\":\"small\"} -->\n<p class=\"has-small-font-size\"><strong>\u27f6 New York<\/strong><br>Aperture Foundation (\u00e9diteur)<\/p>\n<!-- \/wp:paragraph --><\/div>\n<!-- \/wp:group --><\/div>\n<!-- \/wp:column --><\/div>\n<!-- \/wp:columns -->\n\n<!-- wp:group {\"layout\":{\"type\":\"constrained\"}} -->\n<div class=\"wp-block-group\"><!-- wp:paragraph -->\n<p><\/p>\n<!-- \/wp:paragraph --><\/div>\n<!-- \/wp:group -->\n\n<p><!-- \/wp:post-content --><\/p>","_fr_post_name":"infos","_fr_post_excerpt":"","_fr_post_title":"Infos","_en_post_content":"<!-- wp:columns -->\n<div class=\"wp-block-columns\"><!-- wp:column {\"width\":\"\"} -->\n<div class=\"wp-block-column\"><!-- wp:group {\"layout\":{\"type\":\"constrained\"}} -->\n<div class=\"wp-block-group\"><!-- wp:paragraph {\"fontSize\":\"large\"} -->\n<p class=\"has-large-font-size\">Studio Rubic is a graphic design studio that develops \u00e6sthetic and visual solutions that are functional and contemporary, through a rigorous creative approach.<\/p>\n<!-- \/wp:paragraph --><\/div>\n<!-- \/wp:group -->\n\n<!-- wp:image {\"id\":4307,\"sizeSlug\":\"full\",\"linkDestination\":\"none\"} -->\n<figure class=\"wp-block-image size-full\"><img src=\"https:\/\/studio-rubic.ch\/wp-content\/uploads\/studio-scaled.jpg\" alt=\"\" class=\"wp-image-4307\"\/><\/figure>\n<!-- \/wp:image -->\n\n<!-- wp:group {\"layout\":{\"type\":\"constrained\"}} -->\n<div class=\"wp-block-group\"><!-- wp:heading {\"fontSize\":\"small\"} -->\n<h2 class=\"wp-block-heading has-small-font-size\"><strong>History<\/strong><\/h2>\n<!-- \/wp:heading -->\n\n<!-- wp:paragraph {\"fontSize\":\"medium\"} -->\n<p class=\"has-medium-font-size\">The studio focuses on editorial design (books and magazines) and all types of printed matter (brochures, programs, posters, logotypes), including complete or partial visual identities, signage and virtual content (websites), for cultural institutions as well as large and small business sectors.<\/p>\n<!-- \/wp:paragraph -->\n\n<!-- wp:paragraph {\"fontSize\":\"medium\"} -->\n<p class=\"has-medium-font-size\">Depending on the scope or scale of a project, a network of trusted professional partners is suggested, whether for photographic shoots, web development or printing\u2026).<\/p>\n<!-- \/wp:paragraph --><\/div>\n<!-- \/wp:group --><\/div>\n<!-- \/wp:column -->\n\n<!-- wp:column {\"width\":\"33.33%\"} -->\n<div class=\"wp-block-column\" style=\"flex-basis:33.33%\"><!-- wp:group {\"layout\":{\"type\":\"constrained\"}} -->\n<div class=\"wp-block-group\"><!-- wp:heading {\"fontSize\":\"small\"} -->\n<h2 class=\"wp-block-heading has-small-font-size\"><strong>Contact<\/strong><\/h2>\n<!-- \/wp:heading -->\n\n<!-- wp:paragraph {\"fontSize\":\"medium\"} -->\n<p class=\"has-medium-font-size\">Nicolas Jean-Mairet<br>Rue du Pr\u00e9-de-la-Fontaine 8 <br>CH-1242 Satigny &nbsp;&nbsp;\u2192&nbsp;&nbsp;&nbsp;<a href=\"https:\/\/www.google.com\/maps\/place\/Rue+du+Pr\u00e9-de-la-Fontaine+8,+1242+Meyrin\/@46.2248459,6.0513154,17z\/data=!3m1!4b1!4m6!3m5!1s0x478c62e1bc5d112f:0xc13e55d6990513a1!8m2!3d46.2248459!4d6.0538903!16s%2Fg%2F11dzn6cblq?entry=ttu\" target=\"_blank\" rel=\"noreferrer noopener\">\ue022<\/a><br><br><a href=\"mailto:nicolas@studio-rubic.ch?subject=I would like to ask you if\u2026\">nicolas@studio-rubic.ch<\/a><br>+41 076 374 07 35<\/p>\n<!-- \/wp:paragraph --><\/div>\n<!-- \/wp:group -->\n\n<!-- wp:group {\"layout\":{\"type\":\"constrained\"}} -->\n<div class=\"wp-block-group\"><!-- wp:heading {\"fontSize\":\"small\"} -->\n<h2 class=\"wp-block-heading has-small-font-size\"><strong>Fields of activity<\/strong><\/h2>\n<!-- \/wp:heading -->\n\n<!-- wp:list {\"fontSize\":\"medium\"} -->\n<ul class=\"wp-block-list has-medium-font-size\"><!-- wp:list-item {\"fontSize\":\"medium\"} -->\n<li class=\"has-medium-font-size\"> Art Editions, magazine<\/li>\n<!-- \/wp:list-item -->\n\n<!-- wp:list-item {\"fontSize\":\"medium\"} -->\n<li class=\"has-medium-font-size\"> Visual identities<\/li>\n<!-- \/wp:list-item -->\n\n<!-- wp:list-item {\"fontSize\":\"medium\"} -->\n<li class=\"has-medium-font-size\"> Posters, logotypes<\/li>\n<!-- \/wp:list-item -->\n\n<!-- wp:list-item {\"fontSize\":\"medium\"} -->\n<li class=\"has-medium-font-size\"> City works, packaging<\/li>\n<!-- \/wp:list-item -->\n\n<!-- wp:list-item {\"fontSize\":\"medium\"} -->\n<li class=\"has-medium-font-size\"> Corporate brochures<\/li>\n<!-- \/wp:list-item -->\n\n<!-- wp:list-item {\"fontSize\":\"medium\"} -->\n<li class=\"has-medium-font-size\">Signage, event, stands<\/li>\n<!-- \/wp:list-item -->\n\n<!-- wp:list-item {\"fontSize\":\"medium\"} -->\n<li class=\"has-medium-font-size\"> Websites<\/li>\n<!-- \/wp:list-item -->\n\n<!-- wp:list-item {\"fontSize\":\"medium\"} -->\n<li class=\"has-medium-font-size\"> Type design<\/li>\n<!-- \/wp:list-item --><\/ul>\n<!-- \/wp:list --><\/div>\n<!-- \/wp:group -->\n\n<!-- wp:group {\"layout\":{\"type\":\"constrained\"}} -->\n<div class=\"wp-block-group\"><!-- wp:heading {\"fontSize\":\"small\"} -->\n<h2 class=\"wp-block-heading has-small-font-size\"><strong>Past &amp; present collaborations<\/strong><\/h2>\n<!-- \/wp:heading -->\n\n<!-- wp:paragraph {\"fontSize\":\"small\"} -->\n<p class=\"has-small-font-size\"><strong>\u27f6 Geneva<\/strong><br>A-Architectes S\u00e0rl<br>D\u00e9partement du territoire (DT)<br>Editions Metropolis<br>Editions Notari<br>Dylan Perrenoud (photographer)<br>FCAC (Fonds Cantonal d\u2019art Contemporain Gen\u00e8ve) <br>FIBA (International Basketball Federation) <br>HES-SO Gen\u00e8ve<br>imad \u2013 Aide et soins \u00e0 domicile<br>MCI Group (Geneva)<br>M\u0113tisPresses<br>IOM (International Organization for Migration)<br>Piano Nobile<br>Latitude Durable<br>Burrus Nussbaumer Architectes<br>Th\u00e9\u00e2tre Les Salons<br>Ville de Gen\u00e8ve<br>Yan Duyvendak \/ Cie Dreams Come True<\/p>\n<!-- \/wp:paragraph -->\n\n<!-- wp:paragraph {\"fontSize\":\"small\"} -->\n<p class=\"has-small-font-size\"><strong>\u27f6 Vaud<\/strong><br>Biblioth\u00e8que de Blonay\u2013Saint-L\u00e9gier Biblioth\u00e8que de Bussigny<br>CEP \u2013 Lausanne<br>CEPV \u2013 Vevey<br>Editions Art&amp;Fiction<br>Eric Dessous-l\u2019Eglise (artist) <br>Fabienne Freymond Cantone <br>Fondation Le Manoir<br>IKEA Centres Switzerland <br>Manuel M\u00fcller (artist) <br>Photo Elys\u00e9e<br>Ville de Nyon (Service de la culture)<\/p>\n<!-- \/wp:paragraph -->\n\n<!-- wp:paragraph {\"fontSize\":\"small\"} -->\n<p class=\"has-small-font-size\"><strong>\u27f6 Fribourg<\/strong><br>Frank-Olivier Cottier (architecte) <br>Jean-Luc Cramatte (artist) <br>Librairie de cap et de mots<\/p>\n<!-- \/wp:paragraph -->\n\n<!-- wp:paragraph {\"fontSize\":\"small\"} -->\n<p class=\"has-small-font-size\"><strong>\u27f6 Neuch\u00e2tel<\/strong><br>Swatch<\/p>\n<!-- \/wp:paragraph -->\n\n<!-- wp:paragraph {\"fontSize\":\"small\"} -->\n<p class=\"has-small-font-size\"><strong>\u27f6 Zurich<\/strong><br>Diego Brambilla (artist) <br>Editions Patrick Frey<br>Marta Riniker Radich (artist)<\/p>\n<!-- \/wp:paragraph -->\n\n<!-- wp:paragraph {\"fontSize\":\"small\"} -->\n<p class=\"has-small-font-size\"><strong>\u27f6 Monaco<\/strong><br>UIPM (Union Internationale de Pentathlon Moderne)<\/p>\n<!-- \/wp:paragraph -->\n\n<!-- wp:paragraph {\"fontSize\":\"small\"} -->\n<p class=\"has-small-font-size\"><strong>\u27f6 London<\/strong><br>Thames &amp; Hudson (publisher)<\/p>\n<!-- \/wp:paragraph -->\n\n<!-- wp:paragraph {\"fontSize\":\"small\"} -->\n<p class=\"has-small-font-size\"><strong>\u27f6 New York<\/strong><br>Aperture Foundation (publisher)<\/p>\n<!-- \/wp:paragraph --><\/div>\n<!-- \/wp:group --><\/div>\n<!-- \/wp:column --><\/div>\n<!-- \/wp:columns -->\n\n<!-- wp:group {\"layout\":{\"type\":\"constrained\"}} -->\n<div class=\"wp-block-group\"><!-- wp:paragraph -->\n<p><\/p>\n<!-- \/wp:paragraph --><\/div>\n<!-- \/wp:group -->\n\n<p><!-- \/wp:post-content --><\/p>","_en_post_name":"infos","_en_post_excerpt":"","_en_post_title":"Infos","edit_language":"en"},"class_list":["post-2","page","type-page","status-publish","hentry"],"_links":{"self":[{"href":"https:\/\/studio-rubic.ch\/en\/wp-json\/wp\/v2\/pages\/2","targetHints":{"allow":["GET"]}}],"collection":[{"href":"https:\/\/studio-rubic.ch\/en\/wp-json\/wp\/v2\/pages"}],"about":[{"href":"https:\/\/studio-rubic.ch\/en\/wp-json\/wp\/v2\/types\/page"}],"author":[{"embeddable":true,"href":"https:\/\/studio-rubic.ch\/en\/wp-json\/wp\/v2\/users\/1"}],"replies":[{"embeddable":true,"href":"https:\/\/studio-rubic.ch\/en\/wp-json\/wp\/v2\/comments?post=2"}],"version-history":[{"count":150,"href":"https:\/\/studio-rubic.ch\/en\/wp-json\/wp\/v2\/pages\/2\/revisions"}],"predecessor-version":[{"id":4483,"href":"https:\/\/studio-rubic.ch\/en\/wp-json\/wp\/v2\/pages\/2\/revisions\/4483"}],"wp:attachment":[{"href":"https:\/\/studio-rubic.ch\/en\/wp-json\/wp\/v2\/media?parent=2"}],"curies":[{"name":"wp","href":"https:\/\/api.w.org\/{rel}","templated":true}]}}